{"id":2123,"date":"2026-04-03T19:46:40","date_gmt":"2026-04-03T17:46:40","guid":{"rendered":"https:\/\/sitetips.nu\/fyndtips\/?page_id=2123"},"modified":"2026-04-03T19:47:55","modified_gmt":"2026-04-03T17:47:55","slug":"faq","status":"publish","type":"page","link":"https:\/\/sitetips.nu\/fyndtips\/faq\/","title":{"rendered":"FAQ"},"content":{"rendered":"\n<pre class=\"wp-block-code\"><code>Vad \u00e4r ett fyndtips?\n\nEtt fyndtips \u00e4r ett erbjudande, rea, en rabatt, kampanj eller s\u00e4nkt pris p\u00e5 produkter online eller i butiker.\n\n\u00c4r erbjudandena verkligen fynd?\n\nJa. Alla tips p\u00e5 fyndtips.se \u00e4r riktiga fynd fr\u00e5n ebutiker eller andra akt\u00f6rer. Du kan ocks\u00e5 kolla in <a href=\"https:\/\/www.sitetips.nu\/rabattkodtips\">rabattkodtips.se<\/a> f\u00f6r tips p\u00e5 rabattkoder eller <a href=\"https:\/\/www.sitetips.nu\/gratistips\">gratistips.se<\/a> f\u00f6r tips p\u00e5 gratissaker.\n\nHur hittar jag fyndtips i Sverige?\n\nDet enklaste s\u00e4ttet \u00e4r att f\u00f6lja den h\u00e4r sidan regelbundet. Vi bevakar f\u00f6retags och n\u00e4tbutikers kampanjer  och publicerar nya tips l\u00f6pande.\n\nHur l\u00e4nge g\u00e4ller erbjudandena?\n\nDet varierar. Vissa erbjudanden \u00e4r permanenta, andra l\u00f6per ut efter en viss tid eller enligt principen \u201df\u00f6rst till kvarn\u201d och avslutas n\u00e4r gratisprodukterna \u00e4r slut. Vi uppdaterar och flyttar utg\u00e5ngna tips l\u00e4ngre ner p\u00e5 sidan under \"tidigare kampanjer\" f\u00f6r att du ska se vilka kampanjer en butik har haft tidigare och kunna bed\u00f6ma hur bra den aktuella kampanjen \u00e4r.\n\nKan vem som helst ta del av fyndtipsen?\n\nDe flesta erbjudanden riktar sig till svenska anv\u00e4ndare och kr\u00e4ver en svensk adress. F\u00f6r vissa erbjudanden kr\u00e4vs att du \u00e4r \u00f6ver 18 \u00e5r. Det kan ocks\u00e5 kr\u00e4vas att du accepterar att ta emot erbjudanden till din e-post eller via sms.\n\nTj\u00e4nar ni pengar p\u00e5 att publicera tipsen?\n\nVi publicerar alltid de b\u00e4sta fyndtipsen som finns online. Vissa l\u00e4nkar kan vara affiliatel\u00e4nkar, vilket inneb\u00e4r att vi kan f\u00e5 en liten ers\u00e4ttning om du registrerar dig via v\u00e5r l\u00e4nk, men det p\u00e5verkar aldrig urvalet eller medf\u00f6r n\u00e5gon extra kostnad f\u00f6r dig.<\/code><\/pre>\n","protected":false},"excerpt":{"rendered":"","protected":false},"author":1,"featured_media":0,"parent":0,"menu_order":0,"comment_status":"closed","ping_status":"closed","template":"","meta":{"footnotes":"","_links_to":"","_links_to_target":""},"class_list":["post-2123","page","type-page","status-publish","hentry"],"yoast_head":"<!-- This site is optimized with the Yoast SEO plugin v27.0 - https:\/\/yoast.com\/product\/yoast-seo-wordpress\/ -->\n<title>FAQ - fyndtips.se Hitta alla fynd online<\/title>\n<meta name=\"robots\" content=\"index, follow, max-snippet:-1, max-image-preview:large, max-video-preview:-1\" \/>\n<link rel=\"canonical\" href=\"https:\/\/sitetips.nu\/fyndtips\/faq\/\" \/>\n<meta property=\"og:locale\" content=\"sv_SE\" \/>\n<meta property=\"og:type\" content=\"article\" \/>\n<meta property=\"og:title\" content=\"FAQ - fyndtips.se Hitta alla fynd online\" \/>\n<meta property=\"og:url\" content=\"https:\/\/sitetips.nu\/fyndtips\/faq\/\" \/>\n<meta property=\"og:site_name\" content=\"fyndtips.se Hitta alla fynd online\" \/>\n<meta property=\"article:modified_time\" content=\"2026-04-03T17:47:55+00:00\" \/>\n<meta name=\"twitter:card\" content=\"summary_large_image\" \/>\n<script type=\"application\/ld+json\" class=\"yoast-schema-graph\">{\"@context\":\"https:\/\/schema.org\",\"@graph\":[{\"@type\":\"WebPage\",\"@id\":\"https:\/\/sitetips.nu\/fyndtips\/faq\/\",\"url\":\"https:\/\/sitetips.nu\/fyndtips\/faq\/\",\"name\":\"FAQ - fyndtips.se Hitta alla fynd online\",\"isPartOf\":{\"@id\":\"https:\/\/sitetips.nu\/fyndtips\/#website\"},\"datePublished\":\"2026-04-03T17:46:40+00:00\",\"dateModified\":\"2026-04-03T17:47:55+00:00\",\"breadcrumb\":{\"@id\":\"https:\/\/sitetips.nu\/fyndtips\/faq\/#breadcrumb\"},\"inLanguage\":\"sv-SE\",\"potentialAction\":[{\"@type\":\"ReadAction\",\"target\":[\"https:\/\/sitetips.nu\/fyndtips\/faq\/\"]}]},{\"@type\":\"BreadcrumbList\",\"@id\":\"https:\/\/sitetips.nu\/fyndtips\/faq\/#breadcrumb\",\"itemListElement\":[{\"@type\":\"ListItem\",\"position\":1,\"name\":\"Hem\",\"item\":\"https:\/\/sitetips.nu\/fyndtips\/\"},{\"@type\":\"ListItem\",\"position\":2,\"name\":\"FAQ\"}]},{\"@type\":\"WebSite\",\"@id\":\"https:\/\/sitetips.nu\/fyndtips\/#website\",\"url\":\"https:\/\/sitetips.nu\/fyndtips\/\",\"name\":\"fyndtips.se Hitta alla fynd online\",\"description\":\"Fynd och erbjudanden p\u00e5 internet. H\u00e4r hittar du alla fyndtips. Reor och rabatter och bra erbjudanden.\",\"potentialAction\":[{\"@type\":\"SearchAction\",\"target\":{\"@type\":\"EntryPoint\",\"urlTemplate\":\"https:\/\/sitetips.nu\/fyndtips\/?s={search_term_string}\"},\"query-input\":{\"@type\":\"PropertyValueSpecification\",\"valueRequired\":true,\"valueName\":\"search_term_string\"}}],\"inLanguage\":\"sv-SE\"}]}<\/script>\n<!-- \/ Yoast SEO plugin. -->","yoast_head_json":{"title":"FAQ - fyndtips.se Hitta alla fynd online","robots":{"index":"index","follow":"follow","max-snippet":"max-snippet:-1","max-image-preview":"max-image-preview:large","max-video-preview":"max-video-preview:-1"},"canonical":"https:\/\/sitetips.nu\/fyndtips\/faq\/","og_locale":"sv_SE","og_type":"article","og_title":"FAQ - fyndtips.se Hitta alla fynd online","og_url":"https:\/\/sitetips.nu\/fyndtips\/faq\/","og_site_name":"fyndtips.se Hitta alla fynd online","article_modified_time":"2026-04-03T17:47:55+00:00","twitter_card":"summary_large_image","schema":{"@context":"https:\/\/schema.org","@graph":[{"@type":"WebPage","@id":"https:\/\/sitetips.nu\/fyndtips\/faq\/","url":"https:\/\/sitetips.nu\/fyndtips\/faq\/","name":"FAQ - fyndtips.se Hitta alla fynd online","isPartOf":{"@id":"https:\/\/sitetips.nu\/fyndtips\/#website"},"datePublished":"2026-04-03T17:46:40+00:00","dateModified":"2026-04-03T17:47:55+00:00","breadcrumb":{"@id":"https:\/\/sitetips.nu\/fyndtips\/faq\/#breadcrumb"},"inLanguage":"sv-SE","potentialAction":[{"@type":"ReadAction","target":["https:\/\/sitetips.nu\/fyndtips\/faq\/"]}]},{"@type":"BreadcrumbList","@id":"https:\/\/sitetips.nu\/fyndtips\/faq\/#breadcrumb","itemListElement":[{"@type":"ListItem","position":1,"name":"Hem","item":"https:\/\/sitetips.nu\/fyndtips\/"},{"@type":"ListItem","position":2,"name":"FAQ"}]},{"@type":"WebSite","@id":"https:\/\/sitetips.nu\/fyndtips\/#website","url":"https:\/\/sitetips.nu\/fyndtips\/","name":"fyndtips.se Hitta alla fynd online","description":"Fynd och erbjudanden p\u00e5 internet. H\u00e4r hittar du alla fyndtips. Reor och rabatter och bra erbjudanden.","potentialAction":[{"@type":"SearchAction","target":{"@type":"EntryPoint","urlTemplate":"https:\/\/sitetips.nu\/fyndtips\/?s={search_term_string}"},"query-input":{"@type":"PropertyValueSpecification","valueRequired":true,"valueName":"search_term_string"}}],"inLanguage":"sv-SE"}]}},"publishpress_future_action":{"enabled":false,"date":"2026-04-25 15:08:17","action":"change-status","newStatus":"draft","terms":[],"taxonomy":"","extraData":[]},"publishpress_future_workflow_manual_trigger":{"enabledWorkflows":[]},"_links":{"self":[{"href":"https:\/\/sitetips.nu\/fyndtips\/wp-json\/wp\/v2\/pages\/2123","targetHints":{"allow":["GET"]}}],"collection":[{"href":"https:\/\/sitetips.nu\/fyndtips\/wp-json\/wp\/v2\/pages"}],"about":[{"href":"https:\/\/sitetips.nu\/fyndtips\/wp-json\/wp\/v2\/types\/page"}],"author":[{"embeddable":true,"href":"https:\/\/sitetips.nu\/fyndtips\/wp-json\/wp\/v2\/users\/1"}],"replies":[{"embeddable":true,"href":"https:\/\/sitetips.nu\/fyndtips\/wp-json\/wp\/v2\/comments?post=2123"}],"version-history":[{"count":2,"href":"https:\/\/sitetips.nu\/fyndtips\/wp-json\/wp\/v2\/pages\/2123\/revisions"}],"predecessor-version":[{"id":2125,"href":"https:\/\/sitetips.nu\/fyndtips\/wp-json\/wp\/v2\/pages\/2123\/revisions\/2125"}],"wp:attachment":[{"href":"https:\/\/sitetips.nu\/fyndtips\/wp-json\/wp\/v2\/media?parent=2123"}],"curies":[{"name":"wp","href":"https:\/\/api.w.org\/{rel}","templated":true}]}}