{"id":1299,"date":"2026-03-22T12:34:39","date_gmt":"2026-03-22T11:34:39","guid":{"rendered":"https:\/\/sitetips.nu\/gratistips\/?page_id=1299"},"modified":"2026-03-22T12:34:40","modified_gmt":"2026-03-22T11:34:40","slug":"faq","status":"publish","type":"page","link":"https:\/\/sitetips.nu\/gratistips\/faq\/","title":{"rendered":"FAQ"},"content":{"rendered":"\n<p><strong>Vad \u00e4r ett gratistips?<\/strong><br><br>Ett gratistips \u00e4r ett erbjudande som l\u00e5ter dig prova en produkt, tj\u00e4nst eller app helt kostnadsfritt \u2013 ibland med en bonus ovanp\u00e5. Det kan handla om v\u00e4rvningskoder, registreringsbonusar, gratis varuprover eller provperioder utan betalkortsuppgifter.<\/p>\n\n\n\n<p><strong>\u00c4r erbjudandena verkligen gratis?<\/strong><br><br>Ja. Alla tips vi publicerar \u00e4r antingen helt gratis att ta del av, eller kr\u00e4ver enbart att du registrerar ett konto \u2013 utan krav p\u00e5 betalning. Vi anger alltid om det finns villkor, till exempel att en bonus kr\u00e4ver en viss aktivitet f\u00f6r att l\u00e5sas upp. Du kan ocks\u00e5 kolla in rabattkodtips.se f\u00f6r tips p\u00e5 rabattkoder eller fyndtips.se med tips p\u00e5 rabatterade erbjudanden men som inte \u00e4r gratis.<\/p>\n\n\n\n<p><strong>Hur hittar jag gratis saker i Sverige?<\/strong><br><br>Det enklaste s\u00e4ttet \u00e4r att f\u00f6lja den h\u00e4r sidan regelbundet. Vi bevakar f\u00f6retags och n\u00e4tbutikers gratiskampanjer med gratisprover och produkter och publicerar nya tips l\u00f6pande. <\/p>\n\n\n\n<p><strong>Hur l\u00e4nge g\u00e4ller erbjudandena?<\/strong><br><br>Det varierar. Vissa erbjudanden \u00e4r permanenta, andra l\u00f6per ut efter en viss tid eller enligt principen &#8221;f\u00f6rst till kvarn&#8221; och avslutas n\u00e4r gratisprodukterna \u00e4r slut. Vi uppdaterar och tar bort utg\u00e5ngna tips l\u00f6pande, men vi rekommenderar att du agerar snabbt n\u00e4r du ser n\u00e5got du gillar.<\/p>\n\n\n\n<p><strong>Kan vem som helst ta del av gratistipsen?<\/strong><br><br>De flesta erbjudanden riktar sig till svenska anv\u00e4ndare och kr\u00e4ver ett giltigt personnummer eller en svensk adress. F\u00f6r vissa erbjudanden kr\u00e4vs att du \u00e4r \u00f6ver 18 \u00e5r. Det kan ocks\u00e5 kr\u00e4vas att du accepterar att ta emot erbjudanden till din e-post eller via sms.<\/p>\n\n\n\n<p><strong>Tj\u00e4nar ni pengar p\u00e5 att publicera tipsen?<\/strong><br><br>Vi publicerar alltid de b\u00e4sta gratistipsen som finns online.  Vissa l\u00e4nkar kan vara affiliatel\u00e4nkar, vilket inneb\u00e4r att vi kan f\u00e5 en liten ers\u00e4ttning om du registrerar dig via v\u00e5r l\u00e4nk, men det p\u00e5verkar aldrig urvalet eller medf\u00f6r n\u00e5gon extra kostnad f\u00f6r dig.<\/p>\n","protected":false},"excerpt":{"rendered":"<p>Vad \u00e4r ett gratistips? Ett gratistips \u00e4r ett erbjudande som l\u00e5ter dig prova en produkt, tj\u00e4nst eller app helt kostnadsfritt \u2013 ibland med en bonus ovanp\u00e5. Det kan handla om &hellip; <a class=\"readmore\" href=\"https:\/\/sitetips.nu\/gratistips\/faq\/\">Forts\u00e4tt l\u00e4sa &rarr;<\/a><\/p>\n","protected":false},"author":1,"featured_media":0,"parent":0,"menu_order":0,"comment_status":"closed","ping_status":"closed","template":"","meta":{"footnotes":"","_links_to":"","_links_to_target":""},"class_list":["post-1299","page","type-page","status-publish","hentry"],"yoast_head":"<!-- This site is optimized with the Yoast SEO plugin v27.0 - https:\/\/yoast.com\/product\/yoast-seo-wordpress\/ -->\n<title>FAQ - gratistips.se Allt \u00e4r gratis<\/title>\n<meta name=\"robots\" content=\"index, follow, max-snippet:-1, max-image-preview:large, max-video-preview:-1\" \/>\n<link rel=\"canonical\" href=\"https:\/\/sitetips.nu\/gratistips\/faq\/\" \/>\n<meta property=\"og:locale\" content=\"sv_SE\" \/>\n<meta property=\"og:type\" content=\"article\" \/>\n<meta property=\"og:title\" content=\"FAQ - gratistips.se Allt \u00e4r gratis\" \/>\n<meta property=\"og:description\" content=\"Vad \u00e4r ett gratistips? Ett gratistips \u00e4r ett erbjudande som l\u00e5ter dig prova en produkt, tj\u00e4nst eller app helt kostnadsfritt \u2013 ibland med en bonus ovanp\u00e5. Det kan handla om &hellip; Forts\u00e4tt l\u00e4sa &rarr;\" \/>\n<meta property=\"og:url\" content=\"https:\/\/sitetips.nu\/gratistips\/faq\/\" \/>\n<meta property=\"og:site_name\" content=\"gratistips.se Allt \u00e4r gratis\" \/>\n<meta property=\"article:modified_time\" content=\"2026-03-22T11:34:40+00:00\" \/>\n<meta name=\"twitter:card\" content=\"summary_large_image\" \/>\n<meta name=\"twitter:label1\" content=\"Ber\u00e4knad l\u00e4stid\" \/>\n\t<meta name=\"twitter:data1\" content=\"2 minuter\" \/>\n<script type=\"application\/ld+json\" class=\"yoast-schema-graph\">{\"@context\":\"https:\/\/schema.org\",\"@graph\":[{\"@type\":\"WebPage\",\"@id\":\"https:\/\/sitetips.nu\/gratistips\/faq\/\",\"url\":\"https:\/\/sitetips.nu\/gratistips\/faq\/\",\"name\":\"FAQ - gratistips.se Allt \u00e4r gratis\",\"isPartOf\":{\"@id\":\"https:\/\/sitetips.nu\/gratistips\/#website\"},\"datePublished\":\"2026-03-22T11:34:39+00:00\",\"dateModified\":\"2026-03-22T11:34:40+00:00\",\"breadcrumb\":{\"@id\":\"https:\/\/sitetips.nu\/gratistips\/faq\/#breadcrumb\"},\"inLanguage\":\"sv-SE\",\"potentialAction\":[{\"@type\":\"ReadAction\",\"target\":[\"https:\/\/sitetips.nu\/gratistips\/faq\/\"]}]},{\"@type\":\"BreadcrumbList\",\"@id\":\"https:\/\/sitetips.nu\/gratistips\/faq\/#breadcrumb\",\"itemListElement\":[{\"@type\":\"ListItem\",\"position\":1,\"name\":\"Hem\",\"item\":\"https:\/\/sitetips.nu\/gratistips\/\"},{\"@type\":\"ListItem\",\"position\":2,\"name\":\"FAQ\"}]},{\"@type\":\"WebSite\",\"@id\":\"https:\/\/sitetips.nu\/gratistips\/#website\",\"url\":\"https:\/\/sitetips.nu\/gratistips\/\",\"name\":\"gratistips.se Allt \u00e4r gratis\",\"description\":\"Gratissaker p\u00e5 internet. H\u00e4r f\u00e5r du gratistips och hittar allt gratis. Hitta gratiserbjudanden.\",\"potentialAction\":[{\"@type\":\"SearchAction\",\"target\":{\"@type\":\"EntryPoint\",\"urlTemplate\":\"https:\/\/sitetips.nu\/gratistips\/?s={search_term_string}\"},\"query-input\":{\"@type\":\"PropertyValueSpecification\",\"valueRequired\":true,\"valueName\":\"search_term_string\"}}],\"inLanguage\":\"sv-SE\"}]}<\/script>\n<!-- \/ Yoast SEO plugin. -->","yoast_head_json":{"title":"FAQ - gratistips.se Allt \u00e4r gratis","robots":{"index":"index","follow":"follow","max-snippet":"max-snippet:-1","max-image-preview":"max-image-preview:large","max-video-preview":"max-video-preview:-1"},"canonical":"https:\/\/sitetips.nu\/gratistips\/faq\/","og_locale":"sv_SE","og_type":"article","og_title":"FAQ - gratistips.se Allt \u00e4r gratis","og_description":"Vad \u00e4r ett gratistips? Ett gratistips \u00e4r ett erbjudande som l\u00e5ter dig prova en produkt, tj\u00e4nst eller app helt kostnadsfritt \u2013 ibland med en bonus ovanp\u00e5. Det kan handla om &hellip; Forts\u00e4tt l\u00e4sa &rarr;","og_url":"https:\/\/sitetips.nu\/gratistips\/faq\/","og_site_name":"gratistips.se Allt \u00e4r gratis","article_modified_time":"2026-03-22T11:34:40+00:00","twitter_card":"summary_large_image","twitter_misc":{"Ber\u00e4knad l\u00e4stid":"2 minuter"},"schema":{"@context":"https:\/\/schema.org","@graph":[{"@type":"WebPage","@id":"https:\/\/sitetips.nu\/gratistips\/faq\/","url":"https:\/\/sitetips.nu\/gratistips\/faq\/","name":"FAQ - gratistips.se Allt \u00e4r gratis","isPartOf":{"@id":"https:\/\/sitetips.nu\/gratistips\/#website"},"datePublished":"2026-03-22T11:34:39+00:00","dateModified":"2026-03-22T11:34:40+00:00","breadcrumb":{"@id":"https:\/\/sitetips.nu\/gratistips\/faq\/#breadcrumb"},"inLanguage":"sv-SE","potentialAction":[{"@type":"ReadAction","target":["https:\/\/sitetips.nu\/gratistips\/faq\/"]}]},{"@type":"BreadcrumbList","@id":"https:\/\/sitetips.nu\/gratistips\/faq\/#breadcrumb","itemListElement":[{"@type":"ListItem","position":1,"name":"Hem","item":"https:\/\/sitetips.nu\/gratistips\/"},{"@type":"ListItem","position":2,"name":"FAQ"}]},{"@type":"WebSite","@id":"https:\/\/sitetips.nu\/gratistips\/#website","url":"https:\/\/sitetips.nu\/gratistips\/","name":"gratistips.se Allt \u00e4r gratis","description":"Gratissaker p\u00e5 internet. H\u00e4r f\u00e5r du gratistips och hittar allt gratis. Hitta gratiserbjudanden.","potentialAction":[{"@type":"SearchAction","target":{"@type":"EntryPoint","urlTemplate":"https:\/\/sitetips.nu\/gratistips\/?s={search_term_string}"},"query-input":{"@type":"PropertyValueSpecification","valueRequired":true,"valueName":"search_term_string"}}],"inLanguage":"sv-SE"}]}},"publishpress_future_action":{"enabled":false,"date":"2026-04-25 09:27:02","action":"change-status","newStatus":"draft","terms":[],"taxonomy":"","extraData":[]},"publishpress_future_workflow_manual_trigger":{"enabledWorkflows":[]},"_links":{"self":[{"href":"https:\/\/sitetips.nu\/gratistips\/wp-json\/wp\/v2\/pages\/1299","targetHints":{"allow":["GET"]}}],"collection":[{"href":"https:\/\/sitetips.nu\/gratistips\/wp-json\/wp\/v2\/pages"}],"about":[{"href":"https:\/\/sitetips.nu\/gratistips\/wp-json\/wp\/v2\/types\/page"}],"author":[{"embeddable":true,"href":"https:\/\/sitetips.nu\/gratistips\/wp-json\/wp\/v2\/users\/1"}],"replies":[{"embeddable":true,"href":"https:\/\/sitetips.nu\/gratistips\/wp-json\/wp\/v2\/comments?post=1299"}],"version-history":[{"count":1,"href":"https:\/\/sitetips.nu\/gratistips\/wp-json\/wp\/v2\/pages\/1299\/revisions"}],"predecessor-version":[{"id":1300,"href":"https:\/\/sitetips.nu\/gratistips\/wp-json\/wp\/v2\/pages\/1299\/revisions\/1300"}],"wp:attachment":[{"href":"https:\/\/sitetips.nu\/gratistips\/wp-json\/wp\/v2\/media?parent=1299"}],"curies":[{"name":"wp","href":"https:\/\/api.w.org\/{rel}","templated":true}]}}